{"id":280,"date":"2018-05-28T16:42:47","date_gmt":"2018-05-28T16:42:47","guid":{"rendered":"http:\/\/asesoriaperezgarcia.es\/?page_id=280"},"modified":"2018-05-28T16:42:47","modified_gmt":"2018-05-28T16:42:47","slug":"politica-de-cookies","status":"publish","type":"page","link":"https:\/\/asesoriaperezgarcia.es\/index.php\/politica-de-cookies\/","title":{"rendered":"POL\u00cdTICA DE COOKIES"},"content":{"rendered":"<p>[et_pb_section bb_built=\u00bb1&#8243;][et_pb_row][et_pb_column type=\u00bb4_4&#8243;][et_pb_text _builder_version=\u00bb3.4.1&#8243;]<\/p>\n<h1 id=\"page-title\" class=\"title\" style=\"text-align: center;\"><strong>POL\u00cdTICA DE COOKIES<\/strong><\/h1>\n<p>&nbsp;<\/p>\n<p>1. \u00bfQu\u00e9 son las cookies?<\/p>\n<p>Se trata de una herramienta web destinada a guardar y recuperar informaci\u00f3n sobre los visitantes y usuarios de la p\u00e1gina, en forma de fichero de texto que se puede enviar al ordenador o dispositivo automatizado del usuario y que permite saber al propietario de la web qu\u00e9 ha estado haciendo el visitante en la misma, prestarle ciertos servicios o mejorar y hacer m\u00e1s segura la navegaci\u00f3n del mismo. Las cookies no son permanentes y se podr\u00edan eliminar autom\u00e1ticamente pasado un tiempo.<\/p>\n<p>2. Tipos de cookies que se usan en esta web:<\/p>\n<p>La p\u00e1gina web que est\u00e1 visitando, utiliza cookies propias estrictamente necesarias para su funcionamiento.<\/p>\n<p>Asimismo, existen las siguientes cookies de terceros:<\/p>\n<p>&#8211; GOOGLE ANALYTICS, propiedad de Google INC: se trata de cookies anal\u00edticas, que se emplean para recopilar datos estad\u00edsticos de la actividad (n\u00famero de visitas, origen, \u00e1reas visitadas&#8230;);<\/p>\n<p>Si desea obtener m\u00e1s informaci\u00f3n sobre estas cookies, se puede dirigir a la propia web de Google en la siguiente direcci\u00f3n:<\/p>\n<p>https:\/\/developers.google.com\/analytics\/devguides\/collection\/analyticsjs\/cookie-usage<\/p>\n<p>&#8211; Cookies publicitarias: DOUBLECLICK, para mostrarle publicidad. Las condiciones de uso de estas cookies y la informaci\u00f3n recopilada se puede consultar en la propia pol\u00edtica de privacidad de Google, aqu\u00ed:<\/p>\n<p>https:\/\/www.google.es\/intl\/es\/policies\/technologies\/types\/<\/p>\n<p>3. M\u00e1s informaci\u00f3n sobre navegaci\u00f3n en modo privado y gesti\u00f3n de cookies:<\/p>\n<p>Tenga en cuenta que usted puede configurar su navegador de forma que o acepte o rechace por defecto todas las cookies o para recibir aviso de la recepci\u00f3n de las mismas y decidir as\u00ed sobre su instalaci\u00f3n o no. Puede, por ejemplo, consultar la secci\u00f3n de ayuda sobre su navegador a tal efecto. Tambi\u00e9n puede usted eliminar las cookies instaladas en su equipo o dispositivo en cualquier momento.<\/p>\n<p>Adem\u00e1s de lo anterior, le recomendamos que consulte los siguientes enlaces para ampliar informaci\u00f3n sobre gesti\u00f3n de cookies (navegaci\u00f3n en modo privado y eliminaci\u00f3n de cookies tras cada visita), en funci\u00f3n de su navegador:<\/p>\n<p>* INTERNET EXPLORER 8 Y SUPERIOR: http:\/\/windows.microsoft.com\/es-es\/windows7\/how-to-manage-cookies-in-internet-explorer-9<\/p>\n<p>* FIREFOX 3.5 Y SUPERIOR:<\/p>\n<p>http:\/\/support.mozilla.org\/es\/products\/firefox\/privacy-and-security\/cookies<\/p>\n<p>* GOOGLE CHROME 10 Y SUPERIOR:<\/p>\n<p>http:\/\/support.google.com\/chrome\/bin\/answer.py?hl=es&#038;answer=95647<\/p>\n<p>* OPERA 10.5 Y SUPERIOR: http:\/\/help.opera.com\/Windows\/11.50\/es-ES\/cookies.html<\/p>\n<p>* SAFARI 2 Y SUPERIOR:<\/p>\n<p>http:\/\/support.apple.com\/kb\/HT1677?viewlocale=es_ES<\/p>\n<p>[\/et_pb_text][\/et_pb_column][\/et_pb_row][\/et_pb_section]<\/p>\n","protected":false},"excerpt":{"rendered":"<p>[et_pb_section bb_built=\u00bb1&#8243;][et_pb_row][et_pb_column type=\u00bb4_4&#8243;][et_pb_text _builder_version=\u00bb3.4.1&#8243;] POL\u00cdTICA DE COOKIES &nbsp; 1. \u00bfQu\u00e9 son las cookies? Se trata de una herramienta web destinada a guardar y recuperar informaci\u00f3n sobre los visitantes y usuarios de la p\u00e1gina, en forma de fichero de texto que se puede enviar al ordenador o dispositivo automatizado del usuario y que permite saber al [&hellip;]<\/p>\n","protected":false},"author":1,"featured_media":0,"parent":0,"menu_order":0,"comment_status":"closed","ping_status":"closed","template":"","meta":{"_monsterinsights_skip_tracking":false,"_monsterinsights_sitenote_active":false,"_monsterinsights_sitenote_note":"","_monsterinsights_sitenote_category":0},"_links":{"self":[{"href":"https:\/\/asesoriaperezgarcia.es\/index.php\/wp-json\/wp\/v2\/pages\/280"}],"collection":[{"href":"https:\/\/asesoriaperezgarcia.es\/index.php\/wp-json\/wp\/v2\/pages"}],"about":[{"href":"https:\/\/asesoriaperezgarcia.es\/index.php\/wp-json\/wp\/v2\/types\/page"}],"author":[{"embeddable":true,"href":"https:\/\/asesoriaperezgarcia.es\/index.php\/wp-json\/wp\/v2\/users\/1"}],"replies":[{"embeddable":true,"href":"https:\/\/asesoriaperezgarcia.es\/index.php\/wp-json\/wp\/v2\/comments?post=280"}],"version-history":[{"count":2,"href":"https:\/\/asesoriaperezgarcia.es\/index.php\/wp-json\/wp\/v2\/pages\/280\/revisions"}],"predecessor-version":[{"id":287,"href":"https:\/\/asesoriaperezgarcia.es\/index.php\/wp-json\/wp\/v2\/pages\/280\/revisions\/287"}],"wp:attachment":[{"href":"https:\/\/asesoriaperezgarcia.es\/index.php\/wp-json\/wp\/v2\/media?parent=280"}],"curies":[{"name":"wp","href":"https:\/\/api.w.org\/{rel}","templated":true}]}}