{"id":45,"date":"2016-03-12T23:59:04","date_gmt":"2016-03-12T23:59:04","guid":{"rendered":"http:\/\/asesoriaperezgarcia.es\/?page_id=45"},"modified":"2025-02-21T13:43:28","modified_gmt":"2025-02-21T13:43:28","slug":"servicios","status":"publish","type":"page","link":"https:\/\/asesoriaperezgarcia.es\/index.php\/servicios\/","title":{"rendered":"SERVICIOS"},"content":{"rendered":"<p>[et_pb_section fb_built=\u00bb1&#8243; fullwidth=\u00bbon\u00bb admin_label=\u00bbSecci\u00f3n\u00bb _builder_version=\u00bb3.0.47&#8243;][et_pb_fullwidth_image src=\u00bbhttps:\/\/asesoriaperezgarcia.es\/wp-content\/uploads\/2016\/03\/SERVICIOS-ASESORIA-PEREZ-GARCIA-MALAGA-1.png\u00bb admin_label=\u00bbImagen de anchura completa\u00bb _builder_version=\u00bb3.0.47&#8243; animation_style=\u00bbfade\u00bb animation_duration=\u00bb500ms\u00bb use_border_color=\u00bboff\u00bb border_color=\u00bb#ffffff\u00bb border_style=\u00bbsolid\u00bb animation=\u00bbfade_in\u00bb] [\/et_pb_fullwidth_image][\/et_pb_section][et_pb_section fb_built=\u00bb1&#8243; admin_label=\u00bbsection\u00bb _builder_version=\u00bb3.0.47&#8243;][et_pb_row admin_label=\u00bbrow\u00bb _builder_version=\u00bb3.0.47&#8243; background_size=\u00bbinitial\u00bb background_position=\u00bbtop_left\u00bb background_repeat=\u00bbrepeat\u00bb][et_pb_column type=\u00bb4_4&#8243; _builder_version=\u00bb3.0.47&#8243; parallax=\u00bboff\u00bb parallax_method=\u00bbon\u00bb][et_pb_text admin_label=\u00bbTexto\u00bb _builder_version=\u00bb3.0.47&#8243; text_font=\u00bbOpen Sans||||\u00bb text_font_size=\u00bb16&#8243; background_size=\u00bbinitial\u00bb background_position=\u00bbtop_left\u00bb background_repeat=\u00bbrepeat\u00bb use_border_color=\u00bboff\u00bb border_color=\u00bb#ffffff\u00bb border_style=\u00bbsolid\u00bb]<\/p>\n<p style=\"text-align: left;\">Nuestros\u00a0<strong>servicios profesionales <\/strong>est\u00e1n<strong>\u00a0<\/strong>dirigidos tanto a aut\u00f3nomos y empresas, como a\u00a0particulares. Nos encargamos de atender tus obligaciones <strong>fiscales<\/strong>, <strong>contables<\/strong> y <strong>laborales<\/strong>, manteni\u00e9ndote informado en cada momento.<\/p>\n<p style=\"text-align: left;\">Los <strong>servicios<\/strong> que ofrecemos est\u00e1n divididos en diferentes \u00e1reas, detalladas a continuaci\u00f3n:<\/p>\n<p>&nbsp;<br \/>\n[\/et_pb_text][et_pb_tabs active_tab_background_color=\u00bb#f38a00&#8243; inactive_tab_background_color=\u00bb#6f6f6e\u00bb admin_label=\u00bbPesta\u00f1as\u00bb _builder_version=\u00bb3.4.1&#8243; tab_font=\u00bbOpen Sans|on|||\u00bb tab_text_color=\u00bb#ffffff\u00bb tab_font_size=\u00bb19&#8243; tab_line_height=\u00bb2.1em\u00bb body_font=\u00bbOpen Sans||||\u00bb body_font_size=\u00bb18&#8243; body_line_height=\u00bb2em\u00bb background_size=\u00bbinitial\u00bb background_position=\u00bbtop_left\u00bb background_repeat=\u00bbrepeat\u00bb use_border_color=\u00bboff\u00bb border_color=\u00bb#ffffff\u00bb border_style=\u00bbsolid\u00bb box_shadow_style=\u00bbpreset4&#8243;][et_pb_tab title=\u00bbFISCAL\u00bb _builder_version=\u00bb3.0.47&#8243; background_size=\u00bbinitial\u00bb background_position=\u00bbtop_left\u00bb background_repeat=\u00bbrepeat\u00bb]<\/p>\n<ul>\n<li>Alta inicial de su Actividad<\/li>\n<li>Tramitaci\u00f3n y liquidaci\u00f3n de declaraciones trimestrales y anuales de aut\u00f3nomos y sociedades<\/li>\n<li>Impuesto de la Renta de Personas F\u00edsicas<\/li>\n<li>Impuesto de Sociedades<\/li>\n<li>Contestaci\u00f3n a requerimiento y recursos<\/li>\n<li>Asistencia y representaci\u00f3n en inspecciones de Hacienda<\/li>\n<\/ul>\n<p>[\/et_pb_tab][et_pb_tab title=\u00bbCONTABLE\u00bb _builder_version=\u00bb3.0.47&#8243; background_size=\u00bbinitial\u00bb background_position=\u00bbtop_left\u00bb background_repeat=\u00bbrepeat\u00bb]<\/p>\n<ul>\n<li>Contabilidades de Aut\u00f3nomos y Sociedades<\/li>\n<li>Elaboraci\u00f3n de Libros Contables<\/li>\n<li>An\u00e1lisis contable<\/li>\n<li>Confecci\u00f3n y presentaci\u00f3n de cuentas anuales<\/li>\n<\/ul>\n<p>[\/et_pb_tab][et_pb_tab title=\u00bbLABORAL\u00bb _builder_version=\u00bb3.0.47&#8243; background_size=\u00bbinitial\u00bb background_position=\u00bbtop_left\u00bb background_repeat=\u00bbrepeat\u00bb]<\/p>\n<ul>\n<li>Confecci\u00f3n de n\u00f3minas y seguros sociales<\/li>\n<li>Contratos de trabajo<\/li>\n<li>Alta y bajas de trabajadores<\/li>\n<li>Empleadas del hogar<\/li>\n<li>Intervenci\u00f3n y representaci\u00f3n ante la inspecci\u00f3n de trabajo y actuaciones ante la jurisdicci\u00f3n social en todas sus instancias (CEMAC y Juzgado de lo Social)<\/li>\n<\/ul>\n<p>[\/et_pb_tab][et_pb_tab title=\u00bbJUR\u00cdDICO\u00bb _builder_version=\u00bb3.0.47&#8243; background_size=\u00bbinitial\u00bb background_position=\u00bbtop_left\u00bb background_repeat=\u00bbrepeat\u00bb]<\/p>\n<ul>\n<li>Accidentes de trabajo<\/li>\n<li>Penal y asistencia al detenido<\/li>\n<li>Administrativo y extranjer\u00eda<\/li>\n<li>Familia<\/li>\n<li>Incapacidades<\/li>\n<li>Herencias<\/li>\n<li>Contratos de arrendamiento y compraventa<\/li>\n<\/ul>\n<p>[\/et_pb_tab][et_pb_tab title=\u00bbGESTOR\u00cdA\u00bb _builder_version=\u00bb3.0.47&#8243; background_size=\u00bbinitial\u00bb background_position=\u00bbtop_left\u00bb background_repeat=\u00bbrepeat\u00bb]<\/p>\n<ul>\n<li>Transferencia de veh\u00edculos<\/li>\n<li>Liquidaci\u00f3n de Impuestos de Sucesiones y Donaciones<\/li>\n<li>Tramitaci\u00f3n de Impuestos Municipales<\/li>\n<li>Otros tr\u00e1mites<\/li>\n<\/ul>\n<p>[\/et_pb_tab][\/et_pb_tabs][\/et_pb_column][\/et_pb_row][et_pb_row admin_label=\u00bbFila\u00bb _builder_version=\u00bb3.0.47&#8243; background_size=\u00bbinitial\u00bb background_position=\u00bbtop_left\u00bb background_repeat=\u00bbrepeat\u00bb][et_pb_column type=\u00bb1_4&#8243; _builder_version=\u00bb3.0.47&#8243; parallax=\u00bboff\u00bb parallax_method=\u00bbon\u00bb][\/et_pb_column][et_pb_column type=\u00bb1_2&#8243; _builder_version=\u00bb3.0.47&#8243; parallax=\u00bboff\u00bb parallax_method=\u00bbon\u00bb][et_pb_divider show_divider=\u00bboff\u00bb height=\u00bb5&#8243; disabled_on=\u00bbon|on|off\u00bb admin_label=\u00bbSeparador\u00bb _builder_version=\u00bb3.2&#8243; hide_on_mobile=\u00bbon\u00bb] [\/et_pb_divider][et_pb_blurb title=\u00bbSU PRESUPUESTO EN UN CLICK\u00bb url=\u00bbhttps:\/\/asesoriaperezgarcia.es\/index.php\/contacto\/\u00bb url_new_window=\u00bbon\u00bb use_icon=\u00bbon\u00bb font_icon=\u00bb%%372%%\u00bb admin_label=\u00bbAnuncio\u00bb _builder_version=\u00bb3.0.47&#8243; header_font=\u00bbOpen Sans|on|||\u00bb header_text_color=\u00bb#6f6f6e\u00bb background_size=\u00bbinitial\u00bb background_position=\u00bbtop_left\u00bb background_repeat=\u00bbrepeat\u00bb text_orientation=\u00bbcenter\u00bb animation=\u00bboff\u00bb use_border_color=\u00bboff\u00bb border_color=\u00bb#ffffff\u00bb border_style=\u00bbsolid\u00bb] [\/et_pb_blurb][et_pb_divider divider_position=\u00bbbottom\u00bb divider_weight=\u00bb3&#8243; height=\u00bb0&#8243; disabled_on=\u00bbon|on|off\u00bb admin_label=\u00bbSeparador\u00bb _builder_version=\u00bb3.2&#8243; hide_on_mobile=\u00bbon\u00bb] [\/et_pb_divider][\/et_pb_column][et_pb_column type=\u00bb1_4&#8243; _builder_version=\u00bb3.0.47&#8243; parallax=\u00bboff\u00bb parallax_method=\u00bbon\u00bb][\/et_pb_column][\/et_pb_row][et_pb_row admin_label=\u00bbFila\u00bb _builder_version=\u00bb3.0.47&#8243; background_size=\u00bbinitial\u00bb background_position=\u00bbtop_left\u00bb background_repeat=\u00bbrepeat\u00bb][et_pb_column type=\u00bb1_4&#8243; _builder_version=\u00bb3.0.47&#8243; parallax=\u00bboff\u00bb parallax_method=\u00bbon\u00bb][\/et_pb_column][et_pb_column type=\u00bb1_4&#8243; _builder_version=\u00bb3.0.47&#8243; parallax=\u00bboff\u00bb parallax_method=\u00bbon\u00bb][\/et_pb_column][et_pb_column type=\u00bb1_4&#8243; _builder_version=\u00bb3.0.47&#8243; parallax=\u00bboff\u00bb parallax_method=\u00bbon\u00bb][\/et_pb_column][et_pb_column type=\u00bb1_4&#8243; _builder_version=\u00bb3.0.47&#8243; parallax=\u00bboff\u00bb parallax_method=\u00bbon\u00bb][\/et_pb_column][\/et_pb_row][\/et_pb_section]<\/p>\n","protected":false},"excerpt":{"rendered":"<p>[et_pb_section fb_built=\u00bb1&#8243; fullwidth=\u00bbon\u00bb admin_label=\u00bbSecci\u00f3n\u00bb _builder_version=\u00bb3.0.47&#8243;][et_pb_fullwidth_image src=\u00bbhttps:\/\/asesoriaperezgarcia.es\/wp-content\/uploads\/2016\/03\/SERVICIOS-ASESORIA-PEREZ-GARCIA-MALAGA-1.png\u00bb admin_label=\u00bbImagen de anchura completa\u00bb _builder_version=\u00bb3.0.47&#8243; animation_style=\u00bbfade\u00bb animation_duration=\u00bb500ms\u00bb use_border_color=\u00bboff\u00bb border_color=\u00bb#ffffff\u00bb border_style=\u00bbsolid\u00bb animation=\u00bbfade_in\u00bb] [\/et_pb_fullwidth_image][\/et_pb_section][et_pb_section fb_built=\u00bb1&#8243; admin_label=\u00bbsection\u00bb _builder_version=\u00bb3.0.47&#8243;][et_pb_row admin_label=\u00bbrow\u00bb _builder_version=\u00bb3.0.47&#8243; background_size=\u00bbinitial\u00bb background_position=\u00bbtop_left\u00bb background_repeat=\u00bbrepeat\u00bb][et_pb_column type=\u00bb4_4&#8243; _builder_version=\u00bb3.0.47&#8243; parallax=\u00bboff\u00bb parallax_method=\u00bbon\u00bb][et_pb_text admin_label=\u00bbTexto\u00bb _builder_version=\u00bb3.0.47&#8243; text_font=\u00bbOpen Sans||||\u00bb text_font_size=\u00bb16&#8243; background_size=\u00bbinitial\u00bb background_position=\u00bbtop_left\u00bb background_repeat=\u00bbrepeat\u00bb use_border_color=\u00bboff\u00bb border_color=\u00bb#ffffff\u00bb border_style=\u00bbsolid\u00bb] Nuestros\u00a0servicios profesionales est\u00e1n\u00a0dirigidos tanto a aut\u00f3nomos y empresas, como a\u00a0particulares. Nos encargamos de atender [&hellip;]<\/p>\n","protected":false},"author":1,"featured_media":0,"parent":0,"menu_order":0,"comment_status":"closed","ping_status":"closed","template":"","meta":{"_monsterinsights_skip_tracking":false,"_monsterinsights_sitenote_active":false,"_monsterinsights_sitenote_note":"","_monsterinsights_sitenote_category":0},"_links":{"self":[{"href":"https:\/\/asesoriaperezgarcia.es\/index.php\/wp-json\/wp\/v2\/pages\/45"}],"collection":[{"href":"https:\/\/asesoriaperezgarcia.es\/index.php\/wp-json\/wp\/v2\/pages"}],"about":[{"href":"https:\/\/asesoriaperezgarcia.es\/index.php\/wp-json\/wp\/v2\/types\/page"}],"author":[{"embeddable":true,"href":"https:\/\/asesoriaperezgarcia.es\/index.php\/wp-json\/wp\/v2\/users\/1"}],"replies":[{"embeddable":true,"href":"https:\/\/asesoriaperezgarcia.es\/index.php\/wp-json\/wp\/v2\/comments?post=45"}],"version-history":[{"count":45,"href":"https:\/\/asesoriaperezgarcia.es\/index.php\/wp-json\/wp\/v2\/pages\/45\/revisions"}],"predecessor-version":[{"id":357,"href":"https:\/\/asesoriaperezgarcia.es\/index.php\/wp-json\/wp\/v2\/pages\/45\/revisions\/357"}],"wp:attachment":[{"href":"https:\/\/asesoriaperezgarcia.es\/index.php\/wp-json\/wp\/v2\/media?parent=45"}],"curies":[{"name":"wp","href":"https:\/\/api.w.org\/{rel}","templated":true}]}}