{"id":47,"date":"2016-03-12T23:57:29","date_gmt":"2016-03-12T23:57:29","guid":{"rendered":"http:\/\/asesoriaperezgarcia.es\/?page_id=47"},"modified":"2024-09-29T11:38:41","modified_gmt":"2024-09-29T11:38:41","slug":"contacto","status":"publish","type":"page","link":"https:\/\/asesoriaperezgarcia.es\/index.php\/contacto\/","title":{"rendered":"CONTACTO"},"content":{"rendered":"<p>[et_pb_section fb_built=\u00bb1&#8243; fullwidth=\u00bbon\u00bb _builder_version=\u00bb3.0.47&#8243;][et_pb_fullwidth_image src=\u00bbhttps:\/\/asesoriaperezgarcia.es\/wp-content\/uploads\/2016\/03\/CONTACTO-ASESORIA-PEREZ-GARCIA-MALAGA.png\u00bb _builder_version=\u00bb3.0.47&#8243; animation_style=\u00bbfade\u00bb animation_duration=\u00bb500ms\u00bb use_border_color=\u00bboff\u00bb border_color=\u00bb#ffffff\u00bb border_style=\u00bbsolid\u00bb animation=\u00bbfade_in\u00bb]&nbsp;<br \/>\n[\/et_pb_fullwidth_image][\/et_pb_section][et_pb_section fb_built=\u00bb1&#8243; admin_label=\u00bbsection\u00bb _builder_version=\u00bb3.0.47&#8243;][et_pb_row admin_label=\u00bbrow\u00bb _builder_version=\u00bb3.0.47&#8243; background_size=\u00bbinitial\u00bb background_position=\u00bbtop_left\u00bb background_repeat=\u00bbrepeat\u00bb][et_pb_column type=\u00bb1_2&#8243; _builder_version=\u00bb3.0.47&#8243; parallax=\u00bboff\u00bb parallax_method=\u00bbon\u00bb][et_pb_text _builder_version=\u00bb3.0.47&#8243; text_font=\u00bbOpen Sans||||\u00bb text_text_color=\u00bb#f38a00&#8243; text_font_size=\u00bb20&#8243; background_size=\u00bbinitial\u00bb background_position=\u00bbtop_left\u00bb background_repeat=\u00bbrepeat\u00bb use_border_color=\u00bboff\u00bb border_color=\u00bb#ffffff\u00bb border_style=\u00bbsolid\u00bb]<\/p>\n<p style=\"text-align: center;\"><strong>INFORMACI\u00d3N DE CONTACTO<\/strong><\/p>\n<p>[\/et_pb_text][et_pb_blurb title=\u00bbHORARIO\u00bb use_icon=\u00bbon\u00bb font_icon=\u00bb%%92%%\u00bb icon_placement=\u00bbleft\u00bb _builder_version=\u00bb3.0.47&#8243; header_font=\u00bbOpen Sans||||\u00bb header_text_color=\u00bb#6f6f6e\u00bb body_font=\u00bbOpen Sans Light||||\u00bb background_size=\u00bbinitial\u00bb background_position=\u00bbtop_left\u00bb background_repeat=\u00bbrepeat\u00bb animation=\u00bboff\u00bb use_border_color=\u00bboff\u00bb border_color=\u00bb#ffffff\u00bb border_style=\u00bbsolid\u00bb]<\/p>\n<p>Ma\u00f1anas (de lunes a viernes): de 09:00 a 14:00h.<\/p>\n<p>Tardes (mi\u00e9rcoles): de 16:00 a 19:00h.<\/p>\n<p>[\/et_pb_blurb][et_pb_blurb title=\u00bbDIRECCI\u00d3N\u00bb use_icon=\u00bbon\u00bb font_icon=\u00bb%%165%%\u00bb icon_placement=\u00bbleft\u00bb _builder_version=\u00bb3.0.47&#8243; header_text_color=\u00bb#6f6f6e\u00bb background_size=\u00bbinitial\u00bb background_position=\u00bbtop_left\u00bb background_repeat=\u00bbrepeat\u00bb animation=\u00bboff\u00bb use_border_color=\u00bboff\u00bb border_color=\u00bb#ffffff\u00bb border_style=\u00bbsolid\u00bb]C\/Jerez Perchet n\u00ba 40, 29014 M\u00e1laga<br \/>\n[\/et_pb_blurb][et_pb_blurb title=\u00bbTEL\u00c9FONO\u00bb use_icon=\u00bbon\u00bb font_icon=\u00bb%%104%%\u00bb icon_placement=\u00bbleft\u00bb _builder_version=\u00bb3.0.47&#8243; header_text_color=\u00bb#6f6f6e\u00bb background_size=\u00bbinitial\u00bb background_position=\u00bbtop_left\u00bb background_repeat=\u00bbrepeat\u00bb animation=\u00bboff\u00bb use_border_color=\u00bboff\u00bb border_color=\u00bb#ffffff\u00bb border_style=\u00bbsolid\u00bb]951 467 794 \/ 693 201 212<br \/>\n[\/et_pb_blurb][et_pb_blurb title=\u00bbEMAIL\u00bb use_icon=\u00bbon\u00bb font_icon=\u00bb%%109%%\u00bb icon_placement=\u00bbleft\u00bb _builder_version=\u00bb3.0.47&#8243; header_text_color=\u00bb#6f6f6e\u00bb background_size=\u00bbinitial\u00bb background_position=\u00bbtop_left\u00bb background_repeat=\u00bbrepeat\u00bb animation=\u00bboff\u00bb use_border_color=\u00bboff\u00bb border_color=\u00bb#ffffff\u00bb border_style=\u00bbsolid\u00bb]info@asesoriaperezgarcia.es<br \/>\n[\/et_pb_blurb][\/et_pb_column][et_pb_column type=\u00bb1_2&#8243; _builder_version=\u00bb3.0.47&#8243; parallax=\u00bboff\u00bb parallax_method=\u00bbon\u00bb][et_pb_text _builder_version=\u00bb3.0.47&#8243; text_font=\u00bbOpen Sans||||\u00bb text_text_color=\u00bb#f38a00&#8243; text_font_size=\u00bb20&#8243; background_size=\u00bbinitial\u00bb background_position=\u00bbtop_left\u00bb background_repeat=\u00bbrepeat\u00bb use_border_color=\u00bboff\u00bb border_color=\u00bb#ffffff\u00bb border_style=\u00bbsolid\u00bb]<\/p>\n<p style=\"text-align: center;\"><strong>CONSULTA PERSONALIZADA<\/strong><\/p>\n<p>[\/et_pb_text][et_pb_text _builder_version=\u00bb3.0.47&#8243; text_font=\u00bbOpen Sans||||\u00bb text_font_size=\u00bb16&#8243; background_size=\u00bbinitial\u00bb background_position=\u00bbtop_left\u00bb background_repeat=\u00bbrepeat\u00bb use_border_color=\u00bboff\u00bb border_color=\u00bb#ffffff\u00bb border_style=\u00bbsolid\u00bb]Si lo desea, tambi\u00e9n puede ponerse en contacto con nosotros a trav\u00e9s de nuestro formulario.<br \/>\n[\/et_pb_text][et_pb_contact_form email=\u00bbinfo@asesoriaperezgarcia.es\u00bb _builder_version=\u00bb3.0.47&#8243; title_font=\u00bbOpen Sans|on|||\u00bb title_text_color=\u00bb#6f6f6e\u00bb custom_button=\u00bbon\u00bb button_text_color=\u00bb#f38a00&#8243; button_border_color=\u00bb#f38a00&#8243; button_icon=\u00bb%%119%%\u00bb use_border_color=\u00bboff\u00bb border_color=\u00bb#ffffff\u00bb border_style=\u00bbsolid\u00bb module_id=\u00bbet_pb_contact_form_1&#8243;][et_pb_contact_field field_id=\u00bbName\u00bb field_title=\u00bbNombre\u00bb _builder_version=\u00bb3.0.47&#8243; border_radii=\u00bbon||||\u00bb][\/et_pb_contact_field][et_pb_contact_field field_id=\u00bbEmail\u00bb field_title=\u00bbDirecci\u00f3n de correo electr\u00f3nico\u00bb field_type=\u00bbemail\u00bb _builder_version=\u00bb3.0.47&#8243; border_radii=\u00bbon||||\u00bb][\/et_pb_contact_field][et_pb_contact_field field_id=\u00bbMessage\u00bb field_title=\u00bbMensaje\u00bb field_type=\u00bbtext\u00bb fullwidth_field=\u00bbon\u00bb _builder_version=\u00bb3.0.47&#8243; border_radii=\u00bbon||||\u00bb][\/et_pb_contact_field][\/et_pb_contact_form][\/et_pb_column][\/et_pb_row][et_pb_row _builder_version=\u00bb3.0.47&#8243; background_size=\u00bbinitial\u00bb background_position=\u00bbtop_left\u00bb background_repeat=\u00bbrepeat\u00bb][et_pb_column type=\u00bb4_4&#8243; _builder_version=\u00bb3.0.47&#8243; parallax=\u00bboff\u00bb parallax_method=\u00bbon\u00bb][et_pb_cta _builder_version=\u00bb3.4.1&#8243; header_font=\u00bbOpen Sans||||\u00bb header_font_size=\u00bb30&#8243; body_font=\u00bbOpen Sans Light||||\u00bb body_font_size=\u00bb22&#8243; background_size=\u00bbinitial\u00bb background_position=\u00bbtop_left\u00bb background_repeat=\u00bbrepeat\u00bb use_border_color=\u00bboff\u00bb]<\/p>\n<p style=\"text-align: center;\"><strong>JULIO:<\/strong> Ma\u00f1anas: de 09:00 a 14:00 h.<\/p>\n<p style=\"text-align: center;\"><strong>AGOSTO:<\/strong> Cerrado por vacaciones<\/p>\n<p>[\/et_pb_cta][et_pb_map address=\u00bbCalle Jerez Perchet, 40, 29014 M\u00e1laga, M\u00e1laga, Espa\u00f1a\u00bb zoom_level=\u00bb14&#8243; address_lat=\u00bb36.74766129999996&#8243; address_lng=\u00bb-4.417074100000036&#8243; _builder_version=\u00bb3.0.47&#8243;][et_pb_map_pin title=\u00bb\u00bfD\u00f3nde nos encontramos?\u00bb pin_address=\u00bbCalle Jerez Perchet, 40, 29014 M\u00e1laga, M\u00e1laga, Espa\u00f1a\u00bb pin_address_lat=\u00bb36.7476613&#8243; pin_address_lng=\u00bb-4.417074100000036&#8243; _builder_version=\u00bb3.0.47&#8243;] [\/et_pb_map_pin][\/et_pb_map][\/et_pb_column][\/et_pb_row][\/et_pb_section]<\/p>\n","protected":false},"excerpt":{"rendered":"<p>[et_pb_section fb_built=\u00bb1&#8243; fullwidth=\u00bbon\u00bb _builder_version=\u00bb3.0.47&#8243;][et_pb_fullwidth_image src=\u00bbhttps:\/\/asesoriaperezgarcia.es\/wp-content\/uploads\/2016\/03\/CONTACTO-ASESORIA-PEREZ-GARCIA-MALAGA.png\u00bb _builder_version=\u00bb3.0.47&#8243; animation_style=\u00bbfade\u00bb animation_duration=\u00bb500ms\u00bb use_border_color=\u00bboff\u00bb border_color=\u00bb#ffffff\u00bb border_style=\u00bbsolid\u00bb animation=\u00bbfade_in\u00bb]&nbsp; [\/et_pb_fullwidth_image][\/et_pb_section][et_pb_section fb_built=\u00bb1&#8243; admin_label=\u00bbsection\u00bb _builder_version=\u00bb3.0.47&#8243;][et_pb_row admin_label=\u00bbrow\u00bb _builder_version=\u00bb3.0.47&#8243; background_size=\u00bbinitial\u00bb background_position=\u00bbtop_left\u00bb background_repeat=\u00bbrepeat\u00bb][et_pb_column type=\u00bb1_2&#8243; _builder_version=\u00bb3.0.47&#8243; parallax=\u00bboff\u00bb parallax_method=\u00bbon\u00bb][et_pb_text _builder_version=\u00bb3.0.47&#8243; text_font=\u00bbOpen Sans||||\u00bb text_text_color=\u00bb#f38a00&#8243; text_font_size=\u00bb20&#8243; background_size=\u00bbinitial\u00bb background_position=\u00bbtop_left\u00bb background_repeat=\u00bbrepeat\u00bb use_border_color=\u00bboff\u00bb border_color=\u00bb#ffffff\u00bb border_style=\u00bbsolid\u00bb] INFORMACI\u00d3N DE CONTACTO [\/et_pb_text][et_pb_blurb title=\u00bbHORARIO\u00bb use_icon=\u00bbon\u00bb font_icon=\u00bb%%92%%\u00bb icon_placement=\u00bbleft\u00bb _builder_version=\u00bb3.0.47&#8243; header_font=\u00bbOpen Sans||||\u00bb header_text_color=\u00bb#6f6f6e\u00bb body_font=\u00bbOpen Sans Light||||\u00bb background_size=\u00bbinitial\u00bb background_position=\u00bbtop_left\u00bb background_repeat=\u00bbrepeat\u00bb animation=\u00bboff\u00bb [&hellip;]<\/p>\n","protected":false},"author":1,"featured_media":0,"parent":0,"menu_order":0,"comment_status":"closed","ping_status":"closed","template":"","meta":{"_monsterinsights_skip_tracking":false,"_monsterinsights_sitenote_active":false,"_monsterinsights_sitenote_note":"","_monsterinsights_sitenote_category":0},"_links":{"self":[{"href":"https:\/\/asesoriaperezgarcia.es\/index.php\/wp-json\/wp\/v2\/pages\/47"}],"collection":[{"href":"https:\/\/asesoriaperezgarcia.es\/index.php\/wp-json\/wp\/v2\/pages"}],"about":[{"href":"https:\/\/asesoriaperezgarcia.es\/index.php\/wp-json\/wp\/v2\/types\/page"}],"author":[{"embeddable":true,"href":"https:\/\/asesoriaperezgarcia.es\/index.php\/wp-json\/wp\/v2\/users\/1"}],"replies":[{"embeddable":true,"href":"https:\/\/asesoriaperezgarcia.es\/index.php\/wp-json\/wp\/v2\/comments?post=47"}],"version-history":[{"count":44,"href":"https:\/\/asesoriaperezgarcia.es\/index.php\/wp-json\/wp\/v2\/pages\/47\/revisions"}],"predecessor-version":[{"id":347,"href":"https:\/\/asesoriaperezgarcia.es\/index.php\/wp-json\/wp\/v2\/pages\/47\/revisions\/347"}],"wp:attachment":[{"href":"https:\/\/asesoriaperezgarcia.es\/index.php\/wp-json\/wp\/v2\/media?parent=47"}],"curies":[{"name":"wp","href":"https:\/\/api.w.org\/{rel}","templated":true}]}}